

{"id":9269,"date":"2020-05-04T09:42:13","date_gmt":"2020-05-04T09:42:13","guid":{"rendered":"https:\/\/alicegazzetta.com\/about-me\/"},"modified":"2025-07-23T14:32:09","modified_gmt":"2025-07-23T14:32:09","slug":"chi-sono","status":"publish","type":"page","link":"https:\/\/alicegazzetta.com\/it\/chi-sono\/","title":{"rendered":"Chi Sono"},"content":{"rendered":"\t\t<div data-elementor-type=\"wp-page\" data-elementor-id=\"9269\" class=\"elementor elementor-9269 elementor-922\" data-elementor-post-type=\"page\">\n\t\t\t\t\t\t<section class=\"elementor-section elementor-top-section elementor-element elementor-element-16e9b4b elementor-section-boxed elementor-section-height-default elementor-section-height-default qodef-elementor-content-no\" data-id=\"16e9b4b\" data-element_type=\"section\" data-settings=\"{&quot;background_background&quot;:&quot;classic&quot;,&quot;background_motion_fx_motion_fx_scrolling&quot;:&quot;yes&quot;,&quot;background_motion_fx_devices&quot;:[&quot;desktop&quot;,&quot;tablet&quot;,&quot;mobile&quot;]}\">\n\t\t\t\t\t\t\t<div class=\"elementor-background-overlay\"><\/div>\n\t\t\t\t\t\t\t<div class=\"elementor-container elementor-column-gap-default\">\n\t\t\t\t\t<div class=\"elementor-column elementor-col-100 elementor-top-column elementor-element elementor-element-023be7a\" data-id=\"023be7a\" data-element_type=\"column\">\n\t\t\t<div class=\"elementor-widget-wrap elementor-element-populated\">\n\t\t\t\t\t\t<div class=\"elementor-element elementor-element-596e709 elementor-widget elementor-widget-spacer\" data-id=\"596e709\" data-element_type=\"widget\" data-widget_type=\"spacer.default\">\n\t\t\t\t<div class=\"elementor-widget-container\">\n\t\t\t\t\t\t\t<div class=\"elementor-spacer\">\n\t\t\t<div class=\"elementor-spacer-inner\"><\/div>\n\t\t<\/div>\n\t\t\t\t\t\t<\/div>\n\t\t\t\t<\/div>\n\t\t\t\t<div class=\"elementor-element elementor-element-34d906d elementor-widget elementor-widget-eona_core_section_title\" data-id=\"34d906d\" data-element_type=\"widget\" data-widget_type=\"eona_core_section_title.default\">\n\t\t\t\t<div class=\"elementor-widget-container\">\n\t\t\t\t\t<div class=\"qodef-shortcode qodef-m  qodef-section-title qodef-alignment--center    \">\n    \t<h1 class=\"qodef-m-title\" style=\"color: #FFFFFF\" >\n                    chi sono            <\/h1>\n        \t    <\/div>\t\t\t\t<\/div>\n\t\t\t\t<\/div>\n\t\t\t\t<div class=\"elementor-element elementor-element-cfacd14 elementor-widget elementor-widget-spacer\" data-id=\"cfacd14\" data-element_type=\"widget\" data-widget_type=\"spacer.default\">\n\t\t\t\t<div class=\"elementor-widget-container\">\n\t\t\t\t\t\t\t<div class=\"elementor-spacer\">\n\t\t\t<div class=\"elementor-spacer-inner\"><\/div>\n\t\t<\/div>\n\t\t\t\t\t\t<\/div>\n\t\t\t\t<\/div>\n\t\t\t\t\t<\/div>\n\t\t<\/div>\n\t\t\t\t\t<\/div>\n\t\t<\/section>\n\t\t\t\t<section class=\"elementor-section elementor-top-section elementor-element elementor-element-67e827e elementor-section-boxed elementor-section-height-default elementor-section-height-default qodef-elementor-content-no\" data-id=\"67e827e\" data-element_type=\"section\">\n\t\t\t\t\t\t<div class=\"elementor-container elementor-column-gap-default\">\n\t\t\t\t\t<div class=\"elementor-column elementor-col-100 elementor-top-column elementor-element elementor-element-600462d\" data-id=\"600462d\" data-element_type=\"column\">\n\t\t\t<div class=\"elementor-widget-wrap elementor-element-populated\">\n\t\t\t\t\t\t<div class=\"elementor-element elementor-element-75a1a6e elementor-widget elementor-widget-text-editor\" data-id=\"75a1a6e\" data-element_type=\"widget\" data-widget_type=\"text-editor.default\">\n\t\t\t\t<div class=\"elementor-widget-container\">\n\t\t\t\t\t\t\t\t\t<p><span style=\"font-weight: 400;\">C\u2019\u00e8 una storia dietro ogni passione, e la mia \u00e8 plasmata da un profondo amore per la vita, l\u2019arte, la creativit\u00e0 e la connessione con le persone.<\/span><\/p>\n<p><span style=\"font-weight: 400;\">Nata e cresciuta in Italia, porto con me un calore e un\u2019autenticit\u00e0 che traspaiono in tutto ci\u00f2 che faccio. Lasciare la mia casa non \u00e8 stato facile, ma ho sempre accolto il cambiamento e le sfide come opportunit\u00e0 di crescita. Avventurarmi in un mondo diverso mi ha spinto ad adattarmi, imparare e ridefinire me stessa in modi che non avrei mai immaginato. Mi ha insegnato che l\u2019evoluzione \u00e8 continua e che la bellezza della vita risiede nella sua imprevedibilit\u00e0.   <\/span><\/p>\n<p><span style=\"font-weight: 400;\">Ho studiato lingue e parlo italiano, inglese, francese e spagnolo, e questo mi ha aperto le porte per entrare in contatto con persone di culture diverse. Pi\u00f9 che semplici parole, la lingua \u00e8 un collegamento, un mezzo per comprendere ed apprendere diverse sfumature e prospettive. \u00c8 questa voglia di esplorare nuove opportunit\u00e0 che illumina e sostiene il mio percorso.  &nbsp;<\/span><\/p>\t\t\t\t\t\t\t\t<\/div>\n\t\t\t\t<\/div>\n\t\t\t\t\t<\/div>\n\t\t<\/div>\n\t\t\t\t\t<\/div>\n\t\t<\/section>\n\t\t\t\t<section class=\"elementor-section elementor-top-section elementor-element elementor-element-34c194d elementor-section-full_width qodef-elementor-content-grid elementor-section-height-default elementor-section-height-default\" data-id=\"34c194d\" data-element_type=\"section\">\n\t\t\t\t\t\t<div class=\"elementor-container elementor-column-gap-no\">\n\t\t\t\t\t<div class=\"elementor-column elementor-col-100 elementor-top-column elementor-element elementor-element-d13f62e\" data-id=\"d13f62e\" data-element_type=\"column\">\n\t\t\t<div class=\"elementor-widget-wrap elementor-element-populated\">\n\t\t\t\t\t\t<div class=\"elementor-element elementor-element-4f37830 elementor-widget elementor-widget-eona_core_image_gallery\" data-id=\"4f37830\" data-element_type=\"widget\" data-widget_type=\"eona_core_image_gallery.default\">\n\t\t\t\t<div class=\"elementor-widget-container\">\n\t\t\t\t\t<div class=\"qodef-shortcode qodef-m  qodef-image-gallery    qodef-grid qodef-layout--columns  qodef-gutter--micro qodef-col-num--3     qodef-slider-navigation--off qodef-slider-pagination--off   qodef-responsive--custom qodef-col-num--1440--3 qodef-col-num--1366--3 qodef-col-num--1024--3 qodef-col-num--768--1 qodef-col-num--680--1 qodef-col-num--480--1\">\n    <div class=\"qodef-grid-inner clear\">\n\t\t<div class=\"qodef-e qodef-image-wrapper qodef-grid-item\">\n\t\t\t<img fetchpriority=\"high\" decoding=\"async\" width=\"1200\" height=\"1000\" src=\"https:\/\/alicegazzetta.com\/wp-content\/uploads\/2025\/03\/about-me-img-4.jpg\" class=\"attachment-full size-full\" alt=\"\" srcset=\"https:\/\/alicegazzetta.com\/wp-content\/uploads\/2025\/03\/about-me-img-4.jpg 1200w, https:\/\/alicegazzetta.com\/wp-content\/uploads\/2025\/03\/about-me-img-4-300x250.jpg 300w, https:\/\/alicegazzetta.com\/wp-content\/uploads\/2025\/03\/about-me-img-4-1024x853.jpg 1024w, https:\/\/alicegazzetta.com\/wp-content\/uploads\/2025\/03\/about-me-img-4-768x640.jpg 768w, https:\/\/alicegazzetta.com\/wp-content\/uploads\/2025\/03\/about-me-img-4-600x500.jpg 600w\" sizes=\"(max-width: 1200px) 100vw, 1200px\" \/>\t<\/div><div class=\"qodef-e qodef-image-wrapper qodef-grid-item\">\n\t\t\t<img decoding=\"async\" width=\"1200\" height=\"1000\" src=\"https:\/\/alicegazzetta.com\/wp-content\/uploads\/2025\/03\/about-me-img-3.jpg\" class=\"attachment-full size-full\" alt=\"\" srcset=\"https:\/\/alicegazzetta.com\/wp-content\/uploads\/2025\/03\/about-me-img-3.jpg 1200w, https:\/\/alicegazzetta.com\/wp-content\/uploads\/2025\/03\/about-me-img-3-300x250.jpg 300w, https:\/\/alicegazzetta.com\/wp-content\/uploads\/2025\/03\/about-me-img-3-1024x853.jpg 1024w, https:\/\/alicegazzetta.com\/wp-content\/uploads\/2025\/03\/about-me-img-3-768x640.jpg 768w, https:\/\/alicegazzetta.com\/wp-content\/uploads\/2025\/03\/about-me-img-3-600x500.jpg 600w\" sizes=\"(max-width: 1200px) 100vw, 1200px\" \/>\t<\/div><div class=\"qodef-e qodef-image-wrapper qodef-grid-item\">\n\t\t\t<img decoding=\"async\" width=\"1200\" height=\"1000\" src=\"https:\/\/alicegazzetta.com\/wp-content\/uploads\/2025\/03\/about-me-img-6.jpg\" class=\"attachment-full size-full\" alt=\"\" srcset=\"https:\/\/alicegazzetta.com\/wp-content\/uploads\/2025\/03\/about-me-img-6.jpg 1200w, https:\/\/alicegazzetta.com\/wp-content\/uploads\/2025\/03\/about-me-img-6-300x250.jpg 300w, https:\/\/alicegazzetta.com\/wp-content\/uploads\/2025\/03\/about-me-img-6-1024x853.jpg 1024w, https:\/\/alicegazzetta.com\/wp-content\/uploads\/2025\/03\/about-me-img-6-768x640.jpg 768w, https:\/\/alicegazzetta.com\/wp-content\/uploads\/2025\/03\/about-me-img-6-600x500.jpg 600w\" sizes=\"(max-width: 1200px) 100vw, 1200px\" \/>\t<\/div>    <\/div>\n<\/div>\t\t\t\t<\/div>\n\t\t\t\t<\/div>\n\t\t\t\t\t<\/div>\n\t\t<\/div>\n\t\t\t\t\t<\/div>\n\t\t<\/section>\n\t\t\t\t<section class=\"elementor-section elementor-top-section elementor-element elementor-element-6d8b70b elementor-section-full_width qodef-elementor-content-grid elementor-section-height-default elementor-section-height-default\" data-id=\"6d8b70b\" data-element_type=\"section\">\n\t\t\t\t\t\t<div class=\"elementor-container elementor-column-gap-no\">\n\t\t\t\t\t<div class=\"elementor-column elementor-col-100 elementor-top-column elementor-element elementor-element-ff6d4e8\" data-id=\"ff6d4e8\" data-element_type=\"column\">\n\t\t\t<div class=\"elementor-widget-wrap elementor-element-populated\">\n\t\t\t\t\t\t<div class=\"elementor-element elementor-element-6a91c0f elementor-widget elementor-widget-text-editor\" data-id=\"6a91c0f\" data-element_type=\"widget\" data-widget_type=\"text-editor.default\">\n\t\t\t\t<div class=\"elementor-widget-container\">\n\t\t\t\t\t\t\t\t\t<blockquote style=\"text-align: center;\"><p><span style=\"font-weight: 400;\">&#8220;Credo che la creativit\u00e0 non sia semplicemente un\u2019azione, ma una profonda visione del mondo. Essa si manifesta nell\u2019attenzione ai dettagli, nella capacit\u00e0 di connettersi con le persone e nel saper cogliere ispirazione dalle cose pi\u00f9 piccole.&#8221;<\/span><\/p><\/blockquote>\t\t\t\t\t\t\t\t<\/div>\n\t\t\t\t<\/div>\n\t\t\t\t<div class=\"elementor-element elementor-element-3a232b6 elementor-widget elementor-widget-eona_core_separator\" data-id=\"3a232b6\" data-element_type=\"widget\" data-widget_type=\"eona_core_separator.default\">\n\t\t\t\t<div class=\"elementor-widget-container\">\n\t\t\t\t\t<div class=\"qodef-shortcode qodef-m  qodef-separator clear qodef-position--center\">\n\t<div class=\"qodef-m-line\" style=\"border-color: #000000;width: 100px;border-bottom-width: 3px\"><\/div>\n<\/div>\t\t\t\t<\/div>\n\t\t\t\t<\/div>\n\t\t\t\t\t<\/div>\n\t\t<\/div>\n\t\t\t\t\t<\/div>\n\t\t<\/section>\n\t\t\t\t<section class=\"elementor-section elementor-top-section elementor-element elementor-element-01c9232 elementor-section-full_width qodef-elementor-content-grid elementor-section-height-default elementor-section-height-default\" data-id=\"01c9232\" data-element_type=\"section\">\n\t\t\t\t\t\t<div class=\"elementor-container elementor-column-gap-no\">\n\t\t\t\t\t<div class=\"elementor-column elementor-col-100 elementor-top-column elementor-element elementor-element-51d013e\" data-id=\"51d013e\" data-element_type=\"column\">\n\t\t\t<div class=\"elementor-widget-wrap elementor-element-populated\">\n\t\t\t\t\t\t<div class=\"elementor-element elementor-element-b63de55 elementor-widget elementor-widget-text-editor\" data-id=\"b63de55\" data-element_type=\"widget\" data-widget_type=\"text-editor.default\">\n\t\t\t\t<div class=\"elementor-widget-container\">\n\t\t\t\t\t\t\t\t\t<p><span style=\"font-weight: 400;\">Questa filosofia mi ha condotto ad esprimere me stessa attraverso il movimento, la narrazione visiva e la collaborazione artistica.<\/span><br><span style=\"font-weight: 400;\">Per scoprire di pi\u00f9 sul mio percorso e sulle mie passioni, ti invito ad esplorare il mio sito web.<\/span><\/p>\t\t\t\t\t\t\t\t<\/div>\n\t\t\t\t<\/div>\n\t\t\t\t\t<\/div>\n\t\t<\/div>\n\t\t\t\t\t<\/div>\n\t\t<\/section>\n\t\t\t\t<section class=\"elementor-section elementor-top-section elementor-element elementor-element-c905cc0 elementor-section-boxed elementor-section-height-default elementor-section-height-default qodef-elementor-content-no\" data-id=\"c905cc0\" data-element_type=\"section\">\n\t\t\t\t\t\t<div class=\"elementor-container elementor-column-gap-default\">\n\t\t\t\t\t<div class=\"elementor-column elementor-col-100 elementor-top-column elementor-element elementor-element-c810ea3\" data-id=\"c810ea3\" data-element_type=\"column\">\n\t\t\t<div class=\"elementor-widget-wrap elementor-element-populated\">\n\t\t\t\t\t\t<div class=\"elementor-element elementor-element-d03a02f elementor-widget elementor-widget-image\" data-id=\"d03a02f\" data-element_type=\"widget\" data-widget_type=\"image.default\">\n\t\t\t\t<div class=\"elementor-widget-container\">\n\t\t\t\t\t\t\t\t\t\t\t\t\t\t\t<img loading=\"lazy\" decoding=\"async\" width=\"1708\" height=\"718\" src=\"https:\/\/alicegazzetta.com\/wp-content\/uploads\/2025\/02\/firma-alice-gazzetta.png\" class=\"attachment-full size-full wp-image-9024\" alt=\"\" srcset=\"https:\/\/alicegazzetta.com\/wp-content\/uploads\/2025\/02\/firma-alice-gazzetta.png 1708w, https:\/\/alicegazzetta.com\/wp-content\/uploads\/2025\/02\/firma-alice-gazzetta-300x126.png 300w, https:\/\/alicegazzetta.com\/wp-content\/uploads\/2025\/02\/firma-alice-gazzetta-1024x430.png 1024w, https:\/\/alicegazzetta.com\/wp-content\/uploads\/2025\/02\/firma-alice-gazzetta-768x323.png 768w, https:\/\/alicegazzetta.com\/wp-content\/uploads\/2025\/02\/firma-alice-gazzetta-1536x646.png 1536w, https:\/\/alicegazzetta.com\/wp-content\/uploads\/2025\/02\/firma-alice-gazzetta-600x252.png 600w\" sizes=\"(max-width: 1708px) 100vw, 1708px\" \/>\t\t\t\t\t\t\t\t\t\t\t\t\t\t\t<\/div>\n\t\t\t\t<\/div>\n\t\t\t\t\t<\/div>\n\t\t<\/div>\n\t\t\t\t\t<\/div>\n\t\t<\/section>\n\t\t\t\t<section class=\"elementor-section elementor-top-section elementor-element elementor-element-97041bc elementor-section-full_width elementor-section-height-default elementor-section-height-default qodef-elementor-content-no\" data-id=\"97041bc\" data-element_type=\"section\">\n\t\t\t\t\t\t<div class=\"elementor-container elementor-column-gap-no\">\n\t\t\t\t\t<div class=\"elementor-column elementor-col-100 elementor-top-column elementor-element elementor-element-e1c7a13\" data-id=\"e1c7a13\" data-element_type=\"column\">\n\t\t\t<div class=\"elementor-widget-wrap elementor-element-populated\">\n\t\t\t\t\t\t<div class=\"elementor-element elementor-element-665d0a2 elementor-widget elementor-widget-sidebar\" data-id=\"665d0a2\" data-element_type=\"widget\" data-widget_type=\"sidebar.default\">\n\t\t\t\t<div class=\"elementor-widget-container\">\n\t\t\t\t\t<div class=\"widget widget_eona_core_instagram_list\" data-area=\"instagram\"><div class=\"qodef-shortcode qodef-m  qodef-instagram-list qodef-instagram-\">\n\t<\/div><\/div>\t\t\t\t<\/div>\n\t\t\t\t<\/div>\n\t\t\t\t\t<\/div>\n\t\t<\/div>\n\t\t\t\t\t<\/div>\n\t\t<\/section>\n\t\t\t\t<\/div>\n\t\t","protected":false},"excerpt":{"rendered":"<p>chi sono C\u2019\u00e8 una storia dietro ogni passione, e la mia \u00e8 plasmata da un profondo amore per la vita, l\u2019arte, la creativit\u00e0 e la connessione con le persone. Nata e cresciuta in Italia, porto con me un calore e un\u2019autenticit\u00e0 che traspaiono in tutto ci\u00f2 che faccio. Lasciare la mia casa non \u00e8 stato [&hellip;]<\/p>\n","protected":false},"author":1,"featured_media":0,"parent":0,"menu_order":0,"comment_status":"closed","ping_status":"closed","template":"elementor_header_footer","meta":{"footnotes":""},"class_list":["post-9269","page","type-page","status-publish","hentry"],"yoast_head":"<!-- This site is optimized with the Yoast SEO plugin v26.8 - https:\/\/yoast.com\/product\/yoast-seo-wordpress\/ -->\n<title>Chi Sono - ALICE GAZZETTA<\/title>\n<meta name=\"robots\" content=\"index, follow, max-snippet:-1, max-image-preview:large, max-video-preview:-1\" \/>\n<link rel=\"canonical\" href=\"https:\/\/alicegazzetta.com\/it\/chi-sono\/\" \/>\n<meta property=\"og:locale\" content=\"it_IT\" \/>\n<meta property=\"og:type\" content=\"article\" \/>\n<meta property=\"og:title\" content=\"Chi Sono - ALICE GAZZETTA\" \/>\n<meta property=\"og:description\" content=\"chi sono C\u2019\u00e8 una storia dietro ogni passione, e la mia \u00e8 plasmata da un profondo amore per la vita, l\u2019arte, la creativit\u00e0 e la connessione con le persone. Nata e cresciuta in Italia, porto con me un calore e un\u2019autenticit\u00e0 che traspaiono in tutto ci\u00f2 che faccio. Lasciare la mia casa non \u00e8 stato [&hellip;]\" \/>\n<meta property=\"og:url\" content=\"https:\/\/alicegazzetta.com\/it\/chi-sono\/\" \/>\n<meta property=\"og:site_name\" content=\"ALICE GAZZETTA\" \/>\n<meta property=\"article:modified_time\" content=\"2025-07-23T14:32:09+00:00\" \/>\n<meta property=\"og:image\" content=\"https:\/\/alicegazzetta.com\/wp-content\/uploads\/2025\/03\/about-me-img-4.jpg\" \/>\n<meta name=\"twitter:card\" content=\"summary_large_image\" \/>\n<meta name=\"twitter:label1\" content=\"Tempo di lettura stimato\" \/>\n\t<meta name=\"twitter:data1\" content=\"1 minuto\" \/>\n<script type=\"application\/ld+json\" class=\"yoast-schema-graph\">{\"@context\":\"https:\/\/schema.org\",\"@graph\":[{\"@type\":\"WebPage\",\"@id\":\"https:\/\/alicegazzetta.com\/it\/chi-sono\/\",\"url\":\"https:\/\/alicegazzetta.com\/it\/chi-sono\/\",\"name\":\"Chi Sono - ALICE GAZZETTA\",\"isPartOf\":{\"@id\":\"https:\/\/alicegazzetta.com\/it\/#website\"},\"primaryImageOfPage\":{\"@id\":\"https:\/\/alicegazzetta.com\/it\/chi-sono\/#primaryimage\"},\"image\":{\"@id\":\"https:\/\/alicegazzetta.com\/it\/chi-sono\/#primaryimage\"},\"thumbnailUrl\":\"https:\/\/alicegazzetta.com\/wp-content\/uploads\/2025\/03\/about-me-img-4.jpg\",\"datePublished\":\"2020-05-04T09:42:13+00:00\",\"dateModified\":\"2025-07-23T14:32:09+00:00\",\"breadcrumb\":{\"@id\":\"https:\/\/alicegazzetta.com\/it\/chi-sono\/#breadcrumb\"},\"inLanguage\":\"it-IT\",\"potentialAction\":[{\"@type\":\"ReadAction\",\"target\":[\"https:\/\/alicegazzetta.com\/it\/chi-sono\/\"]}]},{\"@type\":\"ImageObject\",\"inLanguage\":\"it-IT\",\"@id\":\"https:\/\/alicegazzetta.com\/it\/chi-sono\/#primaryimage\",\"url\":\"https:\/\/alicegazzetta.com\/wp-content\/uploads\/2025\/03\/about-me-img-4.jpg\",\"contentUrl\":\"https:\/\/alicegazzetta.com\/wp-content\/uploads\/2025\/03\/about-me-img-4.jpg\"},{\"@type\":\"BreadcrumbList\",\"@id\":\"https:\/\/alicegazzetta.com\/it\/chi-sono\/#breadcrumb\",\"itemListElement\":[{\"@type\":\"ListItem\",\"position\":1,\"name\":\"Home\",\"item\":\"https:\/\/alicegazzetta.com\/it\/\"},{\"@type\":\"ListItem\",\"position\":2,\"name\":\"Chi Sono\"}]},{\"@type\":\"WebSite\",\"@id\":\"https:\/\/alicegazzetta.com\/it\/#website\",\"url\":\"https:\/\/alicegazzetta.com\/it\/\",\"name\":\"ALICE GAZZETTA\",\"description\":\"Start Unknown. Finish Unforgettable.\",\"publisher\":{\"@id\":\"https:\/\/alicegazzetta.com\/it\/#organization\"},\"potentialAction\":[{\"@type\":\"SearchAction\",\"target\":{\"@type\":\"EntryPoint\",\"urlTemplate\":\"https:\/\/alicegazzetta.com\/it\/?s={search_term_string}\"},\"query-input\":{\"@type\":\"PropertyValueSpecification\",\"valueRequired\":true,\"valueName\":\"search_term_string\"}}],\"inLanguage\":\"it-IT\"},{\"@type\":\"Organization\",\"@id\":\"https:\/\/alicegazzetta.com\/it\/#organization\",\"name\":\"ALICE GAZZETTA\",\"url\":\"https:\/\/alicegazzetta.com\/it\/\",\"logo\":{\"@type\":\"ImageObject\",\"inLanguage\":\"it-IT\",\"@id\":\"https:\/\/alicegazzetta.com\/it\/#\/schema\/logo\/image\/\",\"url\":\"https:\/\/alicegazzetta.com\/wp-content\/uploads\/2025\/03\/cropped-logo-alicegazzetta.com2-1.png\",\"contentUrl\":\"https:\/\/alicegazzetta.com\/wp-content\/uploads\/2025\/03\/cropped-logo-alicegazzetta.com2-1.png\",\"width\":1000,\"height\":1000,\"caption\":\"ALICE GAZZETTA\"},\"image\":{\"@id\":\"https:\/\/alicegazzetta.com\/it\/#\/schema\/logo\/image\/\"}}]}<\/script>\n<!-- \/ Yoast SEO plugin. -->","yoast_head_json":{"title":"Chi Sono - ALICE GAZZETTA","robots":{"index":"index","follow":"follow","max-snippet":"max-snippet:-1","max-image-preview":"max-image-preview:large","max-video-preview":"max-video-preview:-1"},"canonical":"https:\/\/alicegazzetta.com\/it\/chi-sono\/","og_locale":"it_IT","og_type":"article","og_title":"Chi Sono - ALICE GAZZETTA","og_description":"chi sono C\u2019\u00e8 una storia dietro ogni passione, e la mia \u00e8 plasmata da un profondo amore per la vita, l\u2019arte, la creativit\u00e0 e la connessione con le persone. Nata e cresciuta in Italia, porto con me un calore e un\u2019autenticit\u00e0 che traspaiono in tutto ci\u00f2 che faccio. Lasciare la mia casa non \u00e8 stato [&hellip;]","og_url":"https:\/\/alicegazzetta.com\/it\/chi-sono\/","og_site_name":"ALICE GAZZETTA","article_modified_time":"2025-07-23T14:32:09+00:00","og_image":[{"url":"https:\/\/alicegazzetta.com\/wp-content\/uploads\/2025\/03\/about-me-img-4.jpg","type":"","width":"","height":""}],"twitter_card":"summary_large_image","twitter_misc":{"Tempo di lettura stimato":"1 minuto"},"schema":{"@context":"https:\/\/schema.org","@graph":[{"@type":"WebPage","@id":"https:\/\/alicegazzetta.com\/it\/chi-sono\/","url":"https:\/\/alicegazzetta.com\/it\/chi-sono\/","name":"Chi Sono - ALICE GAZZETTA","isPartOf":{"@id":"https:\/\/alicegazzetta.com\/it\/#website"},"primaryImageOfPage":{"@id":"https:\/\/alicegazzetta.com\/it\/chi-sono\/#primaryimage"},"image":{"@id":"https:\/\/alicegazzetta.com\/it\/chi-sono\/#primaryimage"},"thumbnailUrl":"https:\/\/alicegazzetta.com\/wp-content\/uploads\/2025\/03\/about-me-img-4.jpg","datePublished":"2020-05-04T09:42:13+00:00","dateModified":"2025-07-23T14:32:09+00:00","breadcrumb":{"@id":"https:\/\/alicegazzetta.com\/it\/chi-sono\/#breadcrumb"},"inLanguage":"it-IT","potentialAction":[{"@type":"ReadAction","target":["https:\/\/alicegazzetta.com\/it\/chi-sono\/"]}]},{"@type":"ImageObject","inLanguage":"it-IT","@id":"https:\/\/alicegazzetta.com\/it\/chi-sono\/#primaryimage","url":"https:\/\/alicegazzetta.com\/wp-content\/uploads\/2025\/03\/about-me-img-4.jpg","contentUrl":"https:\/\/alicegazzetta.com\/wp-content\/uploads\/2025\/03\/about-me-img-4.jpg"},{"@type":"BreadcrumbList","@id":"https:\/\/alicegazzetta.com\/it\/chi-sono\/#breadcrumb","itemListElement":[{"@type":"ListItem","position":1,"name":"Home","item":"https:\/\/alicegazzetta.com\/it\/"},{"@type":"ListItem","position":2,"name":"Chi Sono"}]},{"@type":"WebSite","@id":"https:\/\/alicegazzetta.com\/it\/#website","url":"https:\/\/alicegazzetta.com\/it\/","name":"ALICE GAZZETTA","description":"Start Unknown. Finish Unforgettable.","publisher":{"@id":"https:\/\/alicegazzetta.com\/it\/#organization"},"potentialAction":[{"@type":"SearchAction","target":{"@type":"EntryPoint","urlTemplate":"https:\/\/alicegazzetta.com\/it\/?s={search_term_string}"},"query-input":{"@type":"PropertyValueSpecification","valueRequired":true,"valueName":"search_term_string"}}],"inLanguage":"it-IT"},{"@type":"Organization","@id":"https:\/\/alicegazzetta.com\/it\/#organization","name":"ALICE GAZZETTA","url":"https:\/\/alicegazzetta.com\/it\/","logo":{"@type":"ImageObject","inLanguage":"it-IT","@id":"https:\/\/alicegazzetta.com\/it\/#\/schema\/logo\/image\/","url":"https:\/\/alicegazzetta.com\/wp-content\/uploads\/2025\/03\/cropped-logo-alicegazzetta.com2-1.png","contentUrl":"https:\/\/alicegazzetta.com\/wp-content\/uploads\/2025\/03\/cropped-logo-alicegazzetta.com2-1.png","width":1000,"height":1000,"caption":"ALICE GAZZETTA"},"image":{"@id":"https:\/\/alicegazzetta.com\/it\/#\/schema\/logo\/image\/"}}]}},"_links":{"self":[{"href":"https:\/\/alicegazzetta.com\/it\/wp-json\/wp\/v2\/pages\/9269","targetHints":{"allow":["GET"]}}],"collection":[{"href":"https:\/\/alicegazzetta.com\/it\/wp-json\/wp\/v2\/pages"}],"about":[{"href":"https:\/\/alicegazzetta.com\/it\/wp-json\/wp\/v2\/types\/page"}],"author":[{"embeddable":true,"href":"https:\/\/alicegazzetta.com\/it\/wp-json\/wp\/v2\/users\/1"}],"replies":[{"embeddable":true,"href":"https:\/\/alicegazzetta.com\/it\/wp-json\/wp\/v2\/comments?post=9269"}],"version-history":[{"count":13,"href":"https:\/\/alicegazzetta.com\/it\/wp-json\/wp\/v2\/pages\/9269\/revisions"}],"predecessor-version":[{"id":9732,"href":"https:\/\/alicegazzetta.com\/it\/wp-json\/wp\/v2\/pages\/9269\/revisions\/9732"}],"wp:attachment":[{"href":"https:\/\/alicegazzetta.com\/it\/wp-json\/wp\/v2\/media?parent=9269"}],"curies":[{"name":"wp","href":"https:\/\/api.w.org\/{rel}","templated":true}]}}