

{"id":9417,"date":"2025-02-23T13:19:45","date_gmt":"2025-02-23T13:19:45","guid":{"rendered":"https:\/\/alicegazzetta.com\/content-creation\/"},"modified":"2026-01-07T12:28:26","modified_gmt":"2026-01-07T12:28:26","slug":"content-creation-ita","status":"publish","type":"page","link":"https:\/\/alicegazzetta.com\/it\/content-creation-ita\/","title":{"rendered":"Content Creation"},"content":{"rendered":"\t\t<div data-elementor-type=\"wp-page\" data-elementor-id=\"9417\" class=\"elementor elementor-9417 elementor-6588\" data-elementor-post-type=\"page\">\n\t\t\t\t\t\t<section class=\"elementor-section elementor-top-section elementor-element elementor-element-ee7ea34 elementor-section-boxed elementor-section-height-default elementor-section-height-default qodef-elementor-content-no\" data-id=\"ee7ea34\" data-element_type=\"section\" data-settings=\"{&quot;background_background&quot;:&quot;classic&quot;}\">\n\t\t\t\t\t\t\t<div class=\"elementor-background-overlay\"><\/div>\n\t\t\t\t\t\t\t<div class=\"elementor-container elementor-column-gap-default\">\n\t\t\t\t\t<div class=\"elementor-column elementor-col-100 elementor-top-column elementor-element elementor-element-53f3a8e\" data-id=\"53f3a8e\" data-element_type=\"column\">\n\t\t\t<div class=\"elementor-widget-wrap elementor-element-populated\">\n\t\t\t\t\t\t<div class=\"elementor-element elementor-element-5802f7c elementor-widget elementor-widget-spacer\" data-id=\"5802f7c\" data-element_type=\"widget\" data-widget_type=\"spacer.default\">\n\t\t\t\t<div class=\"elementor-widget-container\">\n\t\t\t\t\t\t\t<div class=\"elementor-spacer\">\n\t\t\t<div class=\"elementor-spacer-inner\"><\/div>\n\t\t<\/div>\n\t\t\t\t\t\t<\/div>\n\t\t\t\t<\/div>\n\t\t\t\t<div class=\"elementor-element elementor-element-a9d5a14 elementor-widget elementor-widget-eona_core_section_title\" data-id=\"a9d5a14\" data-element_type=\"widget\" data-widget_type=\"eona_core_section_title.default\">\n\t\t\t\t<div class=\"elementor-widget-container\">\n\t\t\t\t\t<div class=\"qodef-shortcode qodef-m  qodef-section-title qodef-alignment--center    \">\n    \t<h1 class=\"qodef-m-title\" style=\"color: #FFFFFF\" >\n                    content creation            <\/h1>\n        \t    <\/div>\t\t\t\t<\/div>\n\t\t\t\t<\/div>\n\t\t\t\t<div class=\"elementor-element elementor-element-8f3b90f elementor-widget elementor-widget-spacer\" data-id=\"8f3b90f\" data-element_type=\"widget\" data-widget_type=\"spacer.default\">\n\t\t\t\t<div class=\"elementor-widget-container\">\n\t\t\t\t\t\t\t<div class=\"elementor-spacer\">\n\t\t\t<div class=\"elementor-spacer-inner\"><\/div>\n\t\t<\/div>\n\t\t\t\t\t\t<\/div>\n\t\t\t\t<\/div>\n\t\t\t\t\t<\/div>\n\t\t<\/div>\n\t\t\t\t\t<\/div>\n\t\t<\/section>\n\t\t\t\t<section class=\"elementor-section elementor-top-section elementor-element elementor-element-80035cc elementor-section-full_width qodef-elementor-content-grid elementor-section-height-min-height elementor-section-height-default elementor-section-items-middle\" data-id=\"80035cc\" data-element_type=\"section\">\n\t\t\t\t\t\t<div class=\"elementor-container elementor-column-gap-no\">\n\t\t\t\t\t<div class=\"elementor-column elementor-col-100 elementor-top-column elementor-element elementor-element-0cb283c\" data-id=\"0cb283c\" data-element_type=\"column\">\n\t\t\t<div class=\"elementor-widget-wrap elementor-element-populated\">\n\t\t\t\t\t\t<div class=\"elementor-element elementor-element-ca0a4a8 elementor-widget elementor-widget-qi_addons_for_elementor_blockquote\" data-id=\"ca0a4a8\" data-element_type=\"widget\" data-widget_type=\"qi_addons_for_elementor_blockquote.default\">\n\t\t\t\t<div class=\"elementor-widget-container\">\n\t\t\t\t\t<div class=\"qodef-shortcode qodef-m qodef-qi-blockquote qodef-layout--top qodef--icon-pack\">\n\t\t\t<div class=\"qodef-m-icon\">\n\t\t\t<svg aria-hidden=\"true\" class=\"e-font-icon-svg e-fas-quote-right\" viewBox=\"0 0 512 512\" xmlns=\"http:\/\/www.w3.org\/2000\/svg\"><path d=\"M464 32H336c-26.5 0-48 21.5-48 48v128c0 26.5 21.5 48 48 48h80v64c0 35.3-28.7 64-64 64h-8c-13.3 0-24 10.7-24 24v48c0 13.3 10.7 24 24 24h8c88.4 0 160-71.6 160-160V80c0-26.5-21.5-48-48-48zm-288 0H48C21.5 32 0 53.5 0 80v128c0 26.5 21.5 48 48 48h80v64c0 35.3-28.7 64-64 64h-8c-13.3 0-24 10.7-24 24v48c0 13.3 10.7 24 24 24h8c88.4 0 160-71.6 160-160V80c0-26.5-21.5-48-48-48z\"><\/path><\/svg>\t\t<\/div>\n\t\t\t\t<h4 class=\"qodef-m-text\">\n\t\t\tI contenuti multimediali generati dagli utenti non sono solo marketing: sono racconti autentici, creati da persone reali per persone reali. Ed \u00e8 proprio questo che li rende cos\u00ec efficaci.\t\t<\/h4>\n\t<\/div>\n\t\t\t\t<\/div>\n\t\t\t\t<\/div>\n\t\t\t\t\t<\/div>\n\t\t<\/div>\n\t\t\t\t\t<\/div>\n\t\t<\/section>\n\t\t\t\t<section class=\"elementor-section elementor-top-section elementor-element elementor-element-fb2b784 elementor-section-boxed elementor-section-height-default elementor-section-height-default qodef-elementor-content-no\" data-id=\"fb2b784\" data-element_type=\"section\" id=\"about\">\n\t\t\t\t\t\t<div class=\"elementor-container elementor-column-gap-default\">\n\t\t\t\t\t<div class=\"elementor-column elementor-col-100 elementor-top-column elementor-element elementor-element-c40ff85\" data-id=\"c40ff85\" data-element_type=\"column\">\n\t\t\t<div class=\"elementor-widget-wrap elementor-element-populated\">\n\t\t\t\t\t\t<div class=\"elementor-element elementor-element-b732a51 elementor-widget elementor-widget-text-editor\" data-id=\"b732a51\" data-element_type=\"widget\" data-widget_type=\"text-editor.default\">\n\t\t\t\t<div class=\"elementor-widget-container\">\n\t\t\t\t\t\t\t\t\t<p class=\"p1\">Il mio percorso nella Content Creation (UGC) \u00e8 iniziato nel 2020, quando mi sono trasferita negli Stati Uniti. Vivere in un paese nuovo per la prima volta, in unione alle restrizioni dovute alla pandemia, mi ha spinto ad esplorare le piattaforme digitali come mezzo per connettermi con gli altri. Attraverso i social media, ho scoperto uno spazio creativo che mi ha permesso di condividere le mie esperienze e costruire una community appassionata di ci\u00f2 che realizzo.  <\/p><p class=\"p1\">Ho iniziato la mia carriera come <b>Influencer<\/b>, facendo crescere il mio pubblico condividendo contenuti autentici sul mio nuovo percorso. Nel giro di un anno, ho ottenuto <b>Contratti di Affiliazione<\/b> ed incarichi da <b>Brand Ambassador<\/b>, collaborando con diverse aziende per rappresentare i loro prodotti. Con il consolidarsi delle mie competenze nello storytelling del marchio e nel marketing digitale, il mio focus si \u00e8 spostato verso la <b>Content Creation<\/b>,  <b> <\/b>creando contenuti visivi coinvolgenti e di alta qualit\u00e0, capaci non solo di emozionare il pubblico, ma anche di valorizzare la presenza del brand.<\/p><p class=\"p1\">Con una forte passione per il montaggio video e la fotografia, ho investito in attrezzature professionali per affinare le mie capacit\u00e0 creative. La mia prima collaborazione con un brand \u00e8 avvenuta pochi mesi dopo l\u2019inizio del mio percorso e, da allora, ho collaborato con <b>oltre 60 brand<\/b> in tutto il mondo. Ho rivolto il mio interesse nei campi della moda, lifestyle, moda per bambini, fitness, arredamento e molto altro. La mia capacit\u00e0 di adattamento mi permette di creare contenuti diversificati, attrattivi e stimolanti, su misura per le diverse identit\u00e0 dei brand.   <\/p><p class=\"p1\">Oggi mi definisco una Content Creator attiva e appassionata su Instagram, curo e gestisco il mio Storefront su Amazon e su LTK. Continuo a perfezionare la mia esperienza nella narrazione digitale, impegnandomi a creare contenuti di impatto che rafforzino la connessione tra i brand ed il loro pubblico. <b><\/b><\/p>\t\t\t\t\t\t\t\t<\/div>\n\t\t\t\t<\/div>\n\t\t\t\t\t<\/div>\n\t\t<\/div>\n\t\t\t\t\t<\/div>\n\t\t<\/section>\n\t\t\t\t<section class=\"elementor-section elementor-top-section elementor-element elementor-element-8ce408f elementor-section-full_width elementor-section-stretched elementor-section-height-default elementor-section-height-default qodef-elementor-content-no\" data-id=\"8ce408f\" data-element_type=\"section\" data-settings=\"{&quot;stretch_section&quot;:&quot;section-stretched&quot;}\">\n\t\t\t\t\t\t<div class=\"elementor-container elementor-column-gap-no\">\n\t\t\t\t\t<div class=\"elementor-column elementor-col-100 elementor-top-column elementor-element elementor-element-90da3f1\" data-id=\"90da3f1\" data-element_type=\"column\">\n\t\t\t<div class=\"elementor-widget-wrap elementor-element-populated\">\n\t\t\t\t\t\t<div class=\"elementor-element elementor-element-f8657dc elementor-widget elementor-widget-video\" data-id=\"f8657dc\" data-element_type=\"widget\" data-settings=\"{&quot;autoplay&quot;:&quot;yes&quot;,&quot;play_on_mobile&quot;:&quot;yes&quot;,&quot;loop&quot;:&quot;yes&quot;,&quot;video_type&quot;:&quot;hosted&quot;,&quot;mute&quot;:&quot;yes&quot;}\" data-widget_type=\"video.default\">\n\t\t\t\t<div class=\"elementor-widget-container\">\n\t\t\t\t\t\t\t<div class=\"e-hosted-video elementor-wrapper elementor-open-inline\">\n\t\t\t\t\t<video class=\"elementor-video\" src=\"https:\/\/alicegazzetta.com\/wp-content\/uploads\/2025\/05\/alice-gazzetta-content-creation.mp4\" autoplay=\"\" loop=\"\" muted=\"muted\" playsinline=\"\" controlsList=\"nodownload\"><\/video>\n\t\t\t\t<\/div>\n\t\t\t\t\t\t<\/div>\n\t\t\t\t<\/div>\n\t\t\t\t<div class=\"elementor-element elementor-element-8658365 elementor-widget elementor-widget-eona_core_separator\" data-id=\"8658365\" data-element_type=\"widget\" data-widget_type=\"eona_core_separator.default\">\n\t\t\t\t<div class=\"elementor-widget-container\">\n\t\t\t\t\t<div class=\"qodef-shortcode qodef-m  qodef-separator clear qodef-position--center\">\n\t<div class=\"qodef-m-line\" style=\"border-color: #000000;width: 100px;border-bottom-width: 3px\"><\/div>\n<\/div>\t\t\t\t<\/div>\n\t\t\t\t<\/div>\n\t\t\t\t\t<\/div>\n\t\t<\/div>\n\t\t\t\t\t<\/div>\n\t\t<\/section>\n\t\t\t\t<section class=\"elementor-section elementor-top-section elementor-element elementor-element-3620d56 elementor-section-boxed elementor-section-height-default elementor-section-height-default qodef-elementor-content-no\" data-id=\"3620d56\" data-element_type=\"section\">\n\t\t\t\t\t\t<div class=\"elementor-container elementor-column-gap-default\">\n\t\t\t\t\t<div class=\"elementor-column elementor-col-100 elementor-top-column elementor-element elementor-element-457ff6e\" data-id=\"457ff6e\" data-element_type=\"column\">\n\t\t\t<div class=\"elementor-widget-wrap elementor-element-populated\">\n\t\t\t\t\t\t<div class=\"elementor-element elementor-element-0e2919f elementor-widget elementor-widget-text-editor\" data-id=\"0e2919f\" data-element_type=\"widget\" data-widget_type=\"text-editor.default\">\n\t\t\t\t<div class=\"elementor-widget-container\">\n\t\t\t\t\t\t\t\t\t<p class=\"p1\"><b>Clicca sul mio portfolio per esplorare i miei progetti ed avere maggiori informazioni.<\/b><\/p>\t\t\t\t\t\t\t\t<\/div>\n\t\t\t\t<\/div>\n\t\t\t\t<div class=\"elementor-element elementor-element-fce6adf elementor-widget elementor-widget-eael-creative-button\" data-id=\"fce6adf\" data-element_type=\"widget\" data-widget_type=\"eael-creative-button.default\">\n\t\t\t\t<div class=\"elementor-widget-container\">\n\t\t\t\t\t        <div class=\"eael-creative-button-wrapper\">\n\n            <a class=\"eael-creative-button eael-creative-button--default\" href=\"https:\/\/alicegazzetta.com\/content-creation\/ugc\/\" data-text=\"\">\n            \t    \n                <div class=\"creative-button-inner\">\n\n                    \n                    <span class=\"cretive-button-text\">Portfolio<\/span>\n\n                                    <\/div>\n\t                        <\/a>\n        <\/div>\n        \t\t\t\t<\/div>\n\t\t\t\t<\/div>\n\t\t\t\t\t<\/div>\n\t\t<\/div>\n\t\t\t\t\t<\/div>\n\t\t<\/section>\n\t\t\t\t<section class=\"elementor-section elementor-top-section elementor-element elementor-element-f45cd6b elementor-section-height-min-height elementor-section-content-middle elementor-section-boxed elementor-section-height-default elementor-section-items-middle qodef-elementor-content-no\" data-id=\"f45cd6b\" data-element_type=\"section\" data-settings=\"{&quot;background_background&quot;:&quot;classic&quot;}\">\n\t\t\t\t\t\t\t<div class=\"elementor-background-overlay\"><\/div>\n\t\t\t\t\t\t\t<div class=\"elementor-container elementor-column-gap-default\">\n\t\t\t\t\t<div class=\"elementor-column elementor-col-100 elementor-top-column elementor-element elementor-element-1e91c5e\" data-id=\"1e91c5e\" data-element_type=\"column\">\n\t\t\t<div class=\"elementor-widget-wrap elementor-element-populated\">\n\t\t\t\t\t\t<div class=\"elementor-element elementor-element-31b085b elementor-widget__width-auto elementor-widget elementor-widget-eona_core_testimonials_list\" data-id=\"31b085b\" data-element_type=\"widget\" data-widget_type=\"eona_core_testimonials_list.default\">\n\t\t\t\t<div class=\"elementor-widget-container\">\n\t\t\t\t\t<div class=\"qodef-shortcode qodef-m  qodef-testimonials-list qodef-skin--light  qodef-grid  qodef-gutter--large qodef-col-num--1   qodef-item-layout--info-below qodef-content-alignment--center qodef-slider-navigation--off qodef-slider-pagination--off   qodef-responsive--predefined\">\n        <span class=\"qodef-m-tagline\" >Recensioni<\/span>\r\n    <div class=\"qodef-swiper-container\" data-options=\"{&quot;slidesPerView&quot;:&quot;1&quot;,&quot;spaceBetween&quot;:50,&quot;loop&quot;:true,&quot;autoplay&quot;:true,&quot;speed&quot;:&quot;&quot;,&quot;speedAnimation&quot;:&quot;&quot;,&quot;unique&quot;:15,&quot;outsideNavigation&quot;:&quot;yes&quot;}\">\n        <div class=\"swiper-wrapper\">\n            <div class=\"qodef-e swiper-slide\">\n\t<div class=\"qodef-e-inner\" >\n\t\t\t\t<div class=\"qodef-e-content\">\n\t\t\t\t<h1 itemprop=\"name\" class=\"qodef-e-title entry-title\" >\n\t\tBEECHMORE BOOKS\t<\/h1>\n\t\t\t\t<span itemprop=\"description\" class=\"qodef-e-text\">\n\t\tQuesto \u00e8 il miglior video che abbia mai acquistato da Joinbrands. Mi piacerebbe molto lavorare di nuovo con te su un altro progetto. Hai fatto un ottimo lavoro! Lo adoriamo!\t<\/span>\n\t\t\t\t\t<\/div>\n\t<\/div>\n<\/div><div class=\"qodef-e swiper-slide\">\n\t<div class=\"qodef-e-inner\" >\n\t\t\t\t<div class=\"qodef-e-content\">\n\t\t\t\t<h1 itemprop=\"name\" class=\"qodef-e-title entry-title\" >\n\t\tMYSUUKY\t<\/h1>\n\t\t\t\t<span itemprop=\"description\" class=\"qodef-e-text\">\n\t\tGrazie mille! Ti auguro dal profondo del cuore ogni bene! Ti meriti tutto il meglio! Sei la migliore blogger con cui abbia mai collaborato!   \t<\/span>\n\t\t\t\t\t<\/div>\n\t<\/div>\n<\/div><div class=\"qodef-e swiper-slide\">\n\t<div class=\"qodef-e-inner\" >\n\t\t\t\t<div class=\"qodef-e-content\">\n\t\t\t\t<h1 itemprop=\"name\" class=\"qodef-e-title entry-title\" >\n\t\tCOZY BEEZ\t<\/h1>\n\t\t\t\t<span itemprop=\"description\" class=\"qodef-e-text\">\n\t\tI tuoi contenuti sono preziosi e posso dire che ci metti cuore e anima. Ti siamo grati! \u2764\ufe0f  \t<\/span>\n\t\t\t\t\t<\/div>\n\t<\/div>\n<\/div><div class=\"qodef-e swiper-slide\">\n\t<div class=\"qodef-e-inner\" >\n\t\t\t\t<div class=\"qodef-e-content\">\n\t\t\t\t<h1 itemprop=\"name\" class=\"qodef-e-title entry-title\" >\n\t\tLESS MESS 4 US\t<\/h1>\n\t\t\t\t<span itemprop=\"description\" class=\"qodef-e-text\">\n\t\tIncredibile! Una persona e una famiglia davvero fantastiche, disponibilissimi e con cui \u00e8 stato meraviglioso lavorare. \t<\/span>\n\t\t\t\t\t<\/div>\n\t<\/div>\n<\/div>        <\/div>\n            <\/div>\n<\/div>\n\t<div class=\"swiper-button-next testimonials light swiper-button-inside swiper-button-next-15\">\n        <svg xmlns=\"http:\/\/www.w3.org\/2000\/svg\" viewBox=\"0 0 21.7 40.9\">\n            <polyline points=\" 0.4 40.5 21.3 20.5 0.4 0.5 \"\/>\n        <\/svg>\n    <\/div>\n\t<div class=\"swiper-button-prev testimonials light swiper-button-inside swiper-button-prev-15\">\n        <svg xmlns=\"http:\/\/www.w3.org\/2000\/svg\" viewBox=\"0 0 21.9 41\">\n            <polyline points=\" 21.5 0.6 0.6 20.6 21.5 40.6 \"\/>\n        <\/svg>\n    <\/div>\n\t\t\t\t<\/div>\n\t\t\t\t<\/div>\n\t\t\t\t\t<\/div>\n\t\t<\/div>\n\t\t\t\t\t<\/div>\n\t\t<\/section>\n\t\t\t\t<\/div>\n\t\t","protected":false},"excerpt":{"rendered":"<p>content creation I contenuti multimediali generati dagli utenti non sono solo marketing: sono racconti autentici, creati da persone reali per persone reali. Ed \u00e8 proprio questo che li rende cos\u00ec efficaci. Il mio percorso nella Content Creation (UGC) \u00e8 iniziato nel 2020, quando mi sono trasferita negli Stati Uniti. Vivere in un paese nuovo per [&hellip;]<\/p>\n","protected":false},"author":1,"featured_media":0,"parent":0,"menu_order":0,"comment_status":"closed","ping_status":"closed","template":"elementor_header_footer","meta":{"footnotes":""},"class_list":["post-9417","page","type-page","status-publish","hentry"],"yoast_head":"<!-- This site is optimized with the Yoast SEO plugin v26.8 - https:\/\/yoast.com\/product\/yoast-seo-wordpress\/ -->\n<title>Content Creation - ALICE GAZZETTA<\/title>\n<meta name=\"robots\" content=\"index, follow, max-snippet:-1, max-image-preview:large, max-video-preview:-1\" \/>\n<link rel=\"canonical\" href=\"https:\/\/alicegazzetta.com\/it\/content-creation-ita\/\" \/>\n<meta property=\"og:locale\" content=\"it_IT\" \/>\n<meta property=\"og:type\" content=\"article\" \/>\n<meta property=\"og:title\" content=\"Content Creation - ALICE GAZZETTA\" \/>\n<meta property=\"og:description\" content=\"content creation I contenuti multimediali generati dagli utenti non sono solo marketing: sono racconti autentici, creati da persone reali per persone reali. Ed \u00e8 proprio questo che li rende cos\u00ec efficaci. Il mio percorso nella Content Creation (UGC) \u00e8 iniziato nel 2020, quando mi sono trasferita negli Stati Uniti. Vivere in un paese nuovo per [&hellip;]\" \/>\n<meta property=\"og:url\" content=\"https:\/\/alicegazzetta.com\/it\/content-creation-ita\/\" \/>\n<meta property=\"og:site_name\" content=\"ALICE GAZZETTA\" \/>\n<meta property=\"article:modified_time\" content=\"2026-01-07T12:28:26+00:00\" \/>\n<meta name=\"twitter:card\" content=\"summary_large_image\" \/>\n<meta name=\"twitter:label1\" content=\"Tempo di lettura stimato\" \/>\n\t<meta name=\"twitter:data1\" content=\"2 minuti\" \/>\n<script type=\"application\/ld+json\" class=\"yoast-schema-graph\">{\"@context\":\"https:\/\/schema.org\",\"@graph\":[{\"@type\":\"WebPage\",\"@id\":\"https:\/\/alicegazzetta.com\/it\/content-creation-ita\/\",\"url\":\"https:\/\/alicegazzetta.com\/it\/content-creation-ita\/\",\"name\":\"Content Creation - ALICE GAZZETTA\",\"isPartOf\":{\"@id\":\"https:\/\/alicegazzetta.com\/it\/#website\"},\"datePublished\":\"2025-02-23T13:19:45+00:00\",\"dateModified\":\"2026-01-07T12:28:26+00:00\",\"breadcrumb\":{\"@id\":\"https:\/\/alicegazzetta.com\/it\/content-creation-ita\/#breadcrumb\"},\"inLanguage\":\"it-IT\",\"potentialAction\":[{\"@type\":\"ReadAction\",\"target\":[\"https:\/\/alicegazzetta.com\/it\/content-creation-ita\/\"]}]},{\"@type\":\"BreadcrumbList\",\"@id\":\"https:\/\/alicegazzetta.com\/it\/content-creation-ita\/#breadcrumb\",\"itemListElement\":[{\"@type\":\"ListItem\",\"position\":1,\"name\":\"Home\",\"item\":\"https:\/\/alicegazzetta.com\/it\/\"},{\"@type\":\"ListItem\",\"position\":2,\"name\":\"Content Creation\"}]},{\"@type\":\"WebSite\",\"@id\":\"https:\/\/alicegazzetta.com\/it\/#website\",\"url\":\"https:\/\/alicegazzetta.com\/it\/\",\"name\":\"ALICE GAZZETTA\",\"description\":\"Start Unknown. Finish Unforgettable.\",\"publisher\":{\"@id\":\"https:\/\/alicegazzetta.com\/it\/#organization\"},\"potentialAction\":[{\"@type\":\"SearchAction\",\"target\":{\"@type\":\"EntryPoint\",\"urlTemplate\":\"https:\/\/alicegazzetta.com\/it\/?s={search_term_string}\"},\"query-input\":{\"@type\":\"PropertyValueSpecification\",\"valueRequired\":true,\"valueName\":\"search_term_string\"}}],\"inLanguage\":\"it-IT\"},{\"@type\":\"Organization\",\"@id\":\"https:\/\/alicegazzetta.com\/it\/#organization\",\"name\":\"ALICE GAZZETTA\",\"url\":\"https:\/\/alicegazzetta.com\/it\/\",\"logo\":{\"@type\":\"ImageObject\",\"inLanguage\":\"it-IT\",\"@id\":\"https:\/\/alicegazzetta.com\/it\/#\/schema\/logo\/image\/\",\"url\":\"https:\/\/alicegazzetta.com\/wp-content\/uploads\/2025\/03\/cropped-logo-alicegazzetta.com2-1.png\",\"contentUrl\":\"https:\/\/alicegazzetta.com\/wp-content\/uploads\/2025\/03\/cropped-logo-alicegazzetta.com2-1.png\",\"width\":1000,\"height\":1000,\"caption\":\"ALICE GAZZETTA\"},\"image\":{\"@id\":\"https:\/\/alicegazzetta.com\/it\/#\/schema\/logo\/image\/\"}}]}<\/script>\n<!-- \/ Yoast SEO plugin. -->","yoast_head_json":{"title":"Content Creation - ALICE GAZZETTA","robots":{"index":"index","follow":"follow","max-snippet":"max-snippet:-1","max-image-preview":"max-image-preview:large","max-video-preview":"max-video-preview:-1"},"canonical":"https:\/\/alicegazzetta.com\/it\/content-creation-ita\/","og_locale":"it_IT","og_type":"article","og_title":"Content Creation - ALICE GAZZETTA","og_description":"content creation I contenuti multimediali generati dagli utenti non sono solo marketing: sono racconti autentici, creati da persone reali per persone reali. Ed \u00e8 proprio questo che li rende cos\u00ec efficaci. Il mio percorso nella Content Creation (UGC) \u00e8 iniziato nel 2020, quando mi sono trasferita negli Stati Uniti. Vivere in un paese nuovo per [&hellip;]","og_url":"https:\/\/alicegazzetta.com\/it\/content-creation-ita\/","og_site_name":"ALICE GAZZETTA","article_modified_time":"2026-01-07T12:28:26+00:00","twitter_card":"summary_large_image","twitter_misc":{"Tempo di lettura stimato":"2 minuti"},"schema":{"@context":"https:\/\/schema.org","@graph":[{"@type":"WebPage","@id":"https:\/\/alicegazzetta.com\/it\/content-creation-ita\/","url":"https:\/\/alicegazzetta.com\/it\/content-creation-ita\/","name":"Content Creation - ALICE GAZZETTA","isPartOf":{"@id":"https:\/\/alicegazzetta.com\/it\/#website"},"datePublished":"2025-02-23T13:19:45+00:00","dateModified":"2026-01-07T12:28:26+00:00","breadcrumb":{"@id":"https:\/\/alicegazzetta.com\/it\/content-creation-ita\/#breadcrumb"},"inLanguage":"it-IT","potentialAction":[{"@type":"ReadAction","target":["https:\/\/alicegazzetta.com\/it\/content-creation-ita\/"]}]},{"@type":"BreadcrumbList","@id":"https:\/\/alicegazzetta.com\/it\/content-creation-ita\/#breadcrumb","itemListElement":[{"@type":"ListItem","position":1,"name":"Home","item":"https:\/\/alicegazzetta.com\/it\/"},{"@type":"ListItem","position":2,"name":"Content Creation"}]},{"@type":"WebSite","@id":"https:\/\/alicegazzetta.com\/it\/#website","url":"https:\/\/alicegazzetta.com\/it\/","name":"ALICE GAZZETTA","description":"Start Unknown. Finish Unforgettable.","publisher":{"@id":"https:\/\/alicegazzetta.com\/it\/#organization"},"potentialAction":[{"@type":"SearchAction","target":{"@type":"EntryPoint","urlTemplate":"https:\/\/alicegazzetta.com\/it\/?s={search_term_string}"},"query-input":{"@type":"PropertyValueSpecification","valueRequired":true,"valueName":"search_term_string"}}],"inLanguage":"it-IT"},{"@type":"Organization","@id":"https:\/\/alicegazzetta.com\/it\/#organization","name":"ALICE GAZZETTA","url":"https:\/\/alicegazzetta.com\/it\/","logo":{"@type":"ImageObject","inLanguage":"it-IT","@id":"https:\/\/alicegazzetta.com\/it\/#\/schema\/logo\/image\/","url":"https:\/\/alicegazzetta.com\/wp-content\/uploads\/2025\/03\/cropped-logo-alicegazzetta.com2-1.png","contentUrl":"https:\/\/alicegazzetta.com\/wp-content\/uploads\/2025\/03\/cropped-logo-alicegazzetta.com2-1.png","width":1000,"height":1000,"caption":"ALICE GAZZETTA"},"image":{"@id":"https:\/\/alicegazzetta.com\/it\/#\/schema\/logo\/image\/"}}]}},"_links":{"self":[{"href":"https:\/\/alicegazzetta.com\/it\/wp-json\/wp\/v2\/pages\/9417","targetHints":{"allow":["GET"]}}],"collection":[{"href":"https:\/\/alicegazzetta.com\/it\/wp-json\/wp\/v2\/pages"}],"about":[{"href":"https:\/\/alicegazzetta.com\/it\/wp-json\/wp\/v2\/types\/page"}],"author":[{"embeddable":true,"href":"https:\/\/alicegazzetta.com\/it\/wp-json\/wp\/v2\/users\/1"}],"replies":[{"embeddable":true,"href":"https:\/\/alicegazzetta.com\/it\/wp-json\/wp\/v2\/comments?post=9417"}],"version-history":[{"count":12,"href":"https:\/\/alicegazzetta.com\/it\/wp-json\/wp\/v2\/pages\/9417\/revisions"}],"predecessor-version":[{"id":10026,"href":"https:\/\/alicegazzetta.com\/it\/wp-json\/wp\/v2\/pages\/9417\/revisions\/10026"}],"wp:attachment":[{"href":"https:\/\/alicegazzetta.com\/it\/wp-json\/wp\/v2\/media?parent=9417"}],"curies":[{"name":"wp","href":"https:\/\/api.w.org\/{rel}","templated":true}]}}